{"id":2727,"date":"2024-01-04T07:01:56","date_gmt":"2024-01-04T07:01:56","guid":{"rendered":"https:\/\/ismmauritiusltd.govmu.org\/ism\/?page_id=2727"},"modified":"2024-01-04T07:09:35","modified_gmt":"2024-01-04T07:09:35","slug":"events","status":"publish","type":"page","link":"https:\/\/ismmauritiusltd.govmu.org\/ism\/?page_id=2727","title":{"rendered":"Past Events"},"content":{"rendered":"\t\t<div data-elementor-type=\"wp-page\" data-elementor-id=\"2727\" class=\"elementor elementor-2727\" data-elementor-post-type=\"page\">\n\t\t\t\t<div class=\"elementor-element elementor-element-4b9d536 e-flex e-con-boxed e-con e-parent\" data-id=\"4b9d536\" data-element_type=\"container\" data-e-type=\"container\" data-settings=\"{&quot;background_background&quot;:&quot;classic&quot;}\">\n\t\t\t\t\t<div class=\"e-con-inner\">\n\t\t\t\t\t<\/div>\n\t\t\t\t<\/div>\n\t\t<div class=\"elementor-element elementor-element-62eef60 e-flex e-con-boxed e-con e-parent\" data-id=\"62eef60\" data-element_type=\"container\" data-e-type=\"container\">\n\t\t\t\t\t<div class=\"e-con-inner\">\n\t\t\t\t\t<\/div>\n\t\t\t\t<\/div>\n\t\t<div class=\"elementor-element elementor-element-b83b8a3 e-flex e-con-boxed e-con e-parent\" data-id=\"b83b8a3\" data-element_type=\"container\" data-e-type=\"container\">\n\t\t\t\t\t<div class=\"e-con-inner\">\n\t\t\t\t<div class=\"elementor-element elementor-element-5a8c6f3 elementor-widget elementor-widget-text-editor\" data-id=\"5a8c6f3\" data-element_type=\"widget\" data-e-type=\"widget\" data-widget_type=\"text-editor.default\">\n\t\t\t\t<div class=\"elementor-widget-container\">\n\t\t\t\t\t\t\t\t\t<h4>Past Events<\/h4>\t\t\t\t\t\t\t\t<\/div>\n\t\t\t\t<\/div>\n\t\t\t\t\t<\/div>\n\t\t\t\t<\/div>\n\t\t<div class=\"elementor-element elementor-element-c55381c e-flex e-con-boxed e-con e-parent\" data-id=\"c55381c\" data-element_type=\"container\" data-e-type=\"container\">\n\t\t\t\t\t<div class=\"e-con-inner\">\n\t\t\t\t<div class=\"elementor-element elementor-element-a617735 elementor-widget__width-initial elementor-widget elementor-widget-text-editor\" data-id=\"a617735\" data-element_type=\"widget\" data-e-type=\"widget\" data-widget_type=\"text-editor.default\">\n\t\t\t\t<div class=\"elementor-widget-container\">\n\t\t\t\t\t\t\t\t\t<div><br><\/div>\n<table width=\"602\">\n<tbody>\n<tr>\n<td width=\"119\">\n<p><strong>Date<\/strong><\/p>\n<\/td>\n<td width=\"482\">\n<p><strong>Description<\/strong><\/p>\n<\/td>\n<\/tr>\n<tr>\n<td width=\"119\">\n<p>Mars 2019<\/p>\n<\/td>\n<td width=\"482\">\n<p>Remise du rapport final d&#8217;une \u00e9tude et d&#8217;une enqu\u00eate pr\u00e9liminaires pour la cr\u00e9ation d&#8217;un Mus\u00e9e intercontinental de l&#8217;esclavage \u00e0 l&#8217;Ex-H\u00f4pital Militaire de Port Louis par la soci\u00e9t\u00e9 STEGET.<\/p>\n<\/td>\n<\/tr>\n<tr>\n<td width=\"119\">\n<p>20 Septembre 2019<\/p>\n<\/td>\n<td width=\"482\">\n<p>Le Cabinet a pris note du rapport du comit\u00e9 cr\u00e9\u00e9 pour \u2013<\/p>\n<p>(a) \u00e9laborer le contenu historique et le concept du Mus\u00e9e intercontinental de l&#8217;esclavage, les expositions qui y seront contenues et l&#8217;utilisation des espaces int\u00e9rieurs et ext\u00e9rieurs qui s&#8217;y trouvent&nbsp;; et<\/p>\n<p>(b) examiner le rapport de l&#8217;\u00e9tude et de l&#8217;enqu\u00eate pr\u00e9liminaires pour la cr\u00e9ation du mus\u00e9e et formuler des recommandations concernant l&#8217;option de restauration privil\u00e9gi\u00e9e pour l&#8217;ancien b\u00e2timent de l&#8217;h\u00f4pital militaire qui abritera le mus\u00e9e.<\/p>\n<p><\/p>\n<p>\u00c0 la suite d&#8217;une visite sur place effectu\u00e9e le 19 septembre 2019 par le Premier ministre, les ministres concern\u00e9s et les parties prenantes, le Cabinet a convenu de la mise en \u0153uvre du projet de mus\u00e9e intercontinental de l&#8217;esclavage en deux phases. La phase 1 du projet comprendrait le lancement du Mus\u00e9e intercontinental de l&#8217;esclavage au rez-de-chauss\u00e9e et au premier \u00e9tage du bloc sud de l&#8217;ancien h\u00f4pital militaire en attendant la restauration compl\u00e8te du b\u00e2timent.<\/p>\n<\/td>\n<\/tr>\n<tr>\n<td width=\"119\">\n<p>22 Janvier 2020<\/p>\n<\/td>\n<td width=\"482\">\n<p>Constitution d\u2019ISM Mauritius Ltd en tant que soci\u00e9t\u00e9.<\/p>\n<\/td>\n<\/tr>\n<tr>\n<td width=\"119\">\n<p>24 Juillet 2020<\/p>\n<\/td>\n<td width=\"482\">\n<p>Attribution d&#8217;un contrat \u00e0 ARWAN Enterprise Ltd pour la r\u00e9novation et la r\u00e9habilitation du Mus\u00e9e intercontinental de l&#8217;esclavage \u00e0 Port Louis (rez-de-chauss\u00e9e et premier \u00e9tage)<\/p>\n<\/td>\n<\/tr>\n<tr>\n<td width=\"119\">\n<p>20 Octobre 2020<\/p>\n<\/td>\n<td width=\"482\">\n<p>Lancement du projet de mus\u00e9e intercontinental de l&#8217;esclavage et de l&#8217;exposition temporaire \u00ab Anou Kas silans \u00bb par l&#8217;honorable Premier ministre, MPK Jugnauth.<\/p>\n<\/td>\n<\/tr>\n<tr>\n<td width=\"119\">\n<p>22 Octobre 2020- 20 janvier 2021<\/p>\n<\/td>\n<td width=\"482\">\n<p>L\u2019exposition \u00ab Anou Kas silans \u00bb a \u00e9t\u00e9 ouverte au public du 21 octobre 2020 au 22 janvier 2022. Plus de 3000 visiteurs venus d\u2019horizons et d\u2019horizons divers ont visit\u00e9 l\u2019exposition.<\/p>\n<p><\/p>\n<p>Conform\u00e9ment \u00e0 son principe directeur et \u00e0 son engagement envers la communaut\u00e9 et \u00e0 sa volont\u00e9 d&#8217;impliquer l&#8217;ensemble de la nation mauricienne dans la construction de ce mus\u00e9e de l&#8217;esclavage, l&#8217;ISM Mauritius Ltd a organis\u00e9 un exercice de consultation publique pour recueillir le point de vue, les commentaires et les aspirations du public pour le mus\u00e9e intercontinental de l\u2019esclavage.<\/p>\n<\/td>\n<\/tr>\n<tr>\n<td width=\"119\">\n<p>18-21 Octobre 2020<\/p>\n<\/td>\n<td width=\"482\">\n<p>Mission exploratoire de la Mission Expertise Culturelle Internationale men\u00e9e par Mme Olivia Bourrat et M. Damien Bigot. Le but de la mission \u00e9tait d&#8217;identifier les besoins et les exigences pour la cr\u00e9ation du Mus\u00e9e intercontinental de l&#8217;esclavage et d&#8217;\u00e9laborer une feuille de route et un plan d&#8217;action pour sa mise en \u0153uvre. Des discussions ont \u00e9galement eu lieu sur le sc\u00e9nario du mus\u00e9e.<\/p>\n<\/td>\n<\/tr>\n<tr>\n<td width=\"119\">\n<p>23 Ao\u00fbt 2021<\/p>\n<\/td>\n<td width=\"482\">\n<p>Comm\u00e9moration de l&#8217;abolition de la traite n\u00e9gri\u00e8re par ISM Mauritius Ltd au Caudan Waterfront<\/p>\n<\/td>\n<\/tr>\n<tr>\n<td width=\"119\">\n<p>08 Septembre 2021<\/p>\n<\/td>\n<td width=\"482\">\n<p>Extension des travaux de r\u00e9novation du deuxi\u00e8me \u00e9tage de l&#8217;Aile C de l&#8217;H\u00f4pital Militaire et sa r\u00e9habilitation en bloc administratif de l&#8217;ISM.<\/p>\n<\/td>\n<\/tr>\n<tr>\n<td width=\"119\">\n<p>Septembre 2021<\/p>\n<\/td>\n<td width=\"482\">\n<p>La proposition de projet soumise par ISM Mauritius Ltd au Fonds de l&#8217;Ambassadeur am\u00e9ricain et sollicitant une subvention financi\u00e8re a \u00e9t\u00e9 retenue par les autorit\u00e9s am\u00e9ricaines. Le projet vise \u00e0 impliquer la communaut\u00e9 dans la conservation de deux petites salles dans l&#8217;enceinte de l&#8217;h\u00f4pital militaire.<\/p>\n<\/td>\n<\/tr>\n<tr>\n<td width=\"119\">\n<p>20 Octobre 2021<\/p>\n<\/td>\n<td width=\"482\">\n<p>Ach\u00e8vement de la phase 1 du projet et inauguration de l&#8217;aile sud (b\u00e2timent) du Mus\u00e9e intercontinental de l&#8217;esclavage. Une publication sur les r\u00e9sultats de l&#8217;exercice de consultation publique a \u00e9galement \u00e9t\u00e9 lanc\u00e9e.<\/p>\n<\/td>\n<\/tr>\n<tr>\n<td width=\"119\">\n<p>Octobre 2021<\/p>\n<\/td>\n<td width=\"482\">\n<p>Des discussions ont \u00e9t\u00e9 engag\u00e9es avec les autorit\u00e9s japonaises pour demander une aide financi\u00e8re pour l&#8217;installation d&#8217;infrastructures am\u00e9liorant l&#8217;accessibilit\u00e9 du mus\u00e9e aux personnes handicap\u00e9es.<\/p>\n<\/td>\n<\/tr>\n<tr>\n<td width=\"119\">\n<p>Octobre 2021- Janvier 2022<\/p>\n<\/td>\n<td width=\"482\">\n<p>Un inventaire pr\u00e9liminaire des documents potentiellement utiles au mus\u00e9e a \u00e9t\u00e9 r\u00e9alis\u00e9.<\/p>\n<\/td>\n<\/tr>\n<tr>\n<td width=\"119\">\n<p>14 Janvier 2022<\/p>\n<\/td>\n<td width=\"482\">\n<p>Remise officielle des cl\u00e9s du bloc administratif de l&#8217;ISM par le contractant \u00e0 ISM Mauritius Ltd.<\/p>\n<\/td>\n<\/tr>\n<tr>\n<td width=\"119\">\n<p>10-15 Janvier 2022<\/p>\n<\/td>\n<td width=\"482\">\n<p>Visite du Directeur du Mus\u00e9e d&#8217;Aquitaine, Bordeaux France en vue de la pr\u00e9paration d&#8217;un \u00ab projet scientifique culturel \u00bb et de l&#8217;histoire du mus\u00e9e.<\/p>\n<\/td>\n<\/tr>\n<tr>\n<td width=\"119\">\n<p>24 F\u00e9vrier 2022<\/p>\n<\/td>\n<td width=\"482\">\n<p>Un atelier d&#8217;une demi-journ\u00e9e a \u00e9t\u00e9 organis\u00e9 par l&#8217;ISM Mauritius en collaboration avec le projet SLAFNET\/Universit\u00e9 de Manutius et le Conseil des mus\u00e9es de Maurice. Une exposition sur l&#8217;arch\u00e9ologie du Moulin \u00e0 Poudre a \u00e9t\u00e9 inaugur\u00e9e. Ce fut l&#8217;occasion de consolider la collaboration entre ces diff\u00e9rentes institutions et d&#8217;avoir un aper\u00e7u des collections disponibles localement et potentiellement utilisables dans l&#8217;exposition permanente de l&#8217;ISM.<\/p>\n<\/td>\n<\/tr>\n<tr>\n<td width=\"119\">\n<p>25 F\u00e9vrier 2022<\/p>\n<\/td>\n<td width=\"482\">\n<p>Une activit\u00e9 a \u00e9t\u00e9 organis\u00e9e par l&#8217;ISM pour comm\u00e9morer le 187\u00e8me anniversaire de l&#8217;abolition de l&#8217;esclavage \u00e0 Maurice.<\/p>\n<\/td>\n<\/tr>\n<tr>\n<td width=\"119\">\n<p>F\u00e9vrier 2022<\/p>\n<\/td>\n<td width=\"482\">\n<p>Une premi\u00e8re version du synopsis du sc\u00e9nario a \u00e9t\u00e9 envoy\u00e9e \u00e0 M. Laurent V\u00e9drine et son \u00e9quipe pour \u00e9valuation.<\/p>\n<\/td>\n<\/tr>\n<tr>\n<td width=\"119\">\n<p>21 Mars 2022<\/p>\n<\/td>\n<td width=\"482\">\n<p>Le Mus\u00e9e Intercontinental de l\u2019Esclavage est devenu membre de la Coalition des Sites de Conscience. La Coalition internationale des sites de conscience est un r\u00e9seau mondial de sites historiques, de mus\u00e9es et d&#8217;initiatives de m\u00e9moire qui relie les luttes pass\u00e9es aux mouvements actuels en faveur des droits de l&#8217;homme.<\/p>\n<\/td>\n<\/tr>\n<tr>\n<td width=\"119\">\n<p>Mai 2022<\/p>\n<\/td>\n<td width=\"482\">\n<p>Visite d&#8217;experts fran\u00e7ais pour travailler sur la r\u00e9partition spatiale du mus\u00e9e de pr\u00e9figuration<\/p>\n<\/td>\n<\/tr>\n<tr>\n<td width=\"119\">\n<p>18 Mai 2022<\/p>\n<\/td>\n<td width=\"482\">\n<p>Lancement d&#8217;exposition sur le bicentenaire de l&#8217;ex\u00e9cution de Ratsitatanina et animations autour de la figure de Ratsitatanina :<\/p>\n<ol>\n<li>Conseil de District de Pamplemousses : R\u00e9daction d&#8217;essais pour les \u00e9l\u00e8ves de 6e ann\u00e9e des \u00e9coles primaires<\/li>\n<li>Association du D\u00e9veloppement de Pamplemousses (ADP) : Conf\u00e9rence sur la figure de Ratsitatanina \u00e0 ISM Mauritius Ltd, Concours de Peinture et Randonn\u00e9e en Montagne<\/li>\n<li>Olakino 4 Ever Business Entrepreneur&nbsp;: renforcement des capacit\u00e9s du dimanche avec Ratsitatane Talk<\/li>\n<li>Forum national des coll\u00e8ges (NAFCO) : Discussion sur Ratsitatanina<\/li>\n<li>Konsey Sosial Organizasion Kreol (KOSK) : Conf\u00e9rence et visite guid\u00e9e de l&#8217;exposition itin\u00e9rante sur Ratsitatanina<\/li>\n<\/ol>\n<\/td>\n<\/tr>\n<tr>\n<td width=\"119\">\n<p>11 Juillet 2022<\/p>\n<\/td>\n<td width=\"482\">\n<p>Forum de discussion sur le bicentenaire de l&#8217;ex\u00e9cution de Ratsitatanina en collaboration avec le NMCAC et l&#8217;AMM<\/p>\n<\/td>\n<\/tr>\n<tr>\n<td width=\"119\">\n<p>Ao\u00fbt 2022<\/p>\n<\/td>\n<td width=\"482\">\n<p>Remise des rapports d&#8217;experts fran\u00e7ais dont le sch\u00e9ma directeur conceptuel de l&#8217;ISM et du Mus\u00e9e de Pr\u00e9figuration<\/p>\n<\/td>\n<\/tr>\n<tr>\n<td width=\"119\">\n<p>23 Ao\u00fbt 2022<\/p>\n<\/td>\n<td width=\"482\">\n<p>Lancement de l&#8217;exposition sur le premier d\u00e9barquement des esclaves \u00e0 l&#8217;\u00e9poque fran\u00e7aise<\/p>\n<\/td>\n<\/tr>\n<tr>\n<td width=\"119\">\n<p>10 D\u00e9cembre 2022<\/p>\n<\/td>\n<td width=\"482\">\n<p>Journ\u00e9e internationale des droits de l&#8217;homme des Nations Unies&nbsp;:ISM Mauritius Ltd, en collaboration avec l&#8217;Alliance Descendants African-Malgache (ADAM), a c\u00e9l\u00e9br\u00e9 les contributions importantes des personnes d&#8217;ascendance africaine \u00e0 travers le monde, faisant progresser les politiques de justice sociale et d&#8217;inclusion, \u00e9radiquant le racisme et l&#8217;intol\u00e9rance, promouvant les droits de l&#8217;homme et contribuant \u00e0 cr\u00e9er une meilleure et des communaut\u00e9s plus prosp\u00e8res, conform\u00e9ment aux objectifs de d\u00e9veloppement durable des Nations Unies.<\/p>\n<\/td>\n<\/tr>\n<\/tbody>\n<\/table>\t\t\t\t\t\t\t\t<\/div>\n\t\t\t\t<\/div>\n\t\t\t\t\t<\/div>\n\t\t\t\t<\/div>\n\t\t\t\t<\/div>\n\t\t","protected":false},"excerpt":{"rendered":"<p>Past Events Date Description Mars 2019 Remise du rapport final d&#8217;une \u00e9tude et d&#8217;une enqu\u00eate pr\u00e9liminaires pour la cr\u00e9ation d&#8217;un Mus\u00e9e intercontinental de l&#8217;esclavage \u00e0 l&#8217;Ex-H\u00f4pital Militaire de Port Louis par la soci\u00e9t\u00e9 STEGET. 20 Septembre 2019 Le Cabinet a pris note du rapport du comit\u00e9 cr\u00e9\u00e9 pour \u2013 (a) \u00e9laborer le contenu historique et le concept du Mus\u00e9e intercontinental de l&#8217;esclavage, les expositions qui y seront contenues et l&#8217;utilisation des espaces int\u00e9rieurs et ext\u00e9rieurs qui s&#8217;y trouvent&nbsp;; et (b) examiner le rapport de l&#8217;\u00e9tude et de l&#8217;enqu\u00eate pr\u00e9liminaires pour la cr\u00e9ation du mus\u00e9e et formuler des recommandations concernant l&#8217;option\u2026<\/p>\n","protected":false},"author":1,"featured_media":0,"parent":0,"menu_order":0,"comment_status":"closed","ping_status":"closed","template":"","meta":{"ngg_post_thumbnail":0,"footnotes":""},"class_list":["post-2727","page","type-page","status-publish","hentry"],"blocksy_meta":{"page_title_panel":"","has_hero_section":"disabled","f085eb16c0e9105cad21860354a04500":"","hero_section":"type-1","hero_elements":[{"id":"custom_title","enabled":true,"heading_tag":"h1","title":"Home"},{"id":"custom_description","enabled":true,"description_visibility":{"desktop":true,"tablet":true,"mobile":false}},{"id":"custom_meta","enabled":false,"meta_elements":[{"id":"author","enabled":true,"label":"By","has_author_avatar":"yes","avatar_size":25},{"id":"post_date","enabled":true,"label":"On","date_format_source":"default","date_format":"M j, Y"},{"id":"updated_date","enabled":false,"label":"On","date_format_source":"default","date_format":"M j, Y"},{"id":"categories","enabled":false,"label":"In","style":"simple"},{"id":"comments","enabled":true}],"page_meta_elements":{"joined":true,"articles_count":true,"comments":true}},{"id":"breadcrumbs","enabled":false}],"80a6f281ffc752406fd97962cb73de8c":"","hero_alignment1":"CT_CSS_SKIP_RULE","hero_margin":40,"hero_alignment2":"center","hero_vertical_alignment":"center","9d64e7f7b679fdbdbfe7dd16ad608df2":"","hero_structure":"narrow","15f16c7eaf5830e9a495f6af7c62e10b":"","page_title_bg_type":"featured_image","custom_hero_background":{"attachment_id":null},"parallax":{"desktop":false,"tablet":false,"mobile":false},"55b3f37122ff81df03bceb3b8aae88f1":"","hero_height":"250px","pageTitleFont":{"family":"Default","variation":"Default","size":"30px","line-height":"CT_CSS_SKIP_RULE","letter-spacing":"CT_CSS_SKIP_RULE","text-transform":"CT_CSS_SKIP_RULE","text-decoration":"CT_CSS_SKIP_RULE"},"pageTitleFontColor":{"default":{"color":"CT_CSS_SKIP_RULEDEFAULT"}},"pageMetaFont":{"family":"Default","variation":"n6","size":"12px","line-height":"1.3","letter-spacing":"CT_CSS_SKIP_RULE","text-transform":"uppercase","text-decoration":"CT_CSS_SKIP_RULE"},"pageMetaFontColor":{"default":{"color":"CT_CSS_SKIP_RULEDEFAULT"},"hover":{"color":"CT_CSS_SKIP_RULEDEFAULT"}},"page_meta_button_type_font_colors":{"default":{"color":"CT_CSS_SKIP_RULEDEFAULT"},"hover":{"color":"CT_CSS_SKIP_RULEDEFAULT"}},"page_meta_button_type_background_colors":{"default":{"color":"CT_CSS_SKIP_RULEDEFAULT"},"hover":{"color":"CT_CSS_SKIP_RULEDEFAULT"}},"pageExcerptFont":{"family":"Default","variation":"Default","size":"CT_CSS_SKIP_RULE","line-height":"CT_CSS_SKIP_RULE","letter-spacing":"CT_CSS_SKIP_RULE","text-transform":"CT_CSS_SKIP_RULE","text-decoration":"CT_CSS_SKIP_RULE"},"pageExcerptColor":{"default":{"color":"CT_CSS_SKIP_RULEDEFAULT"}},"breadcrumbsFont":{"family":"Default","variation":"Default","size":"CT_CSS_SKIP_RULE","line-height":"CT_CSS_SKIP_RULE","letter-spacing":"CT_CSS_SKIP_RULE","text-transform":"CT_CSS_SKIP_RULE","text-decoration":"CT_CSS_SKIP_RULE"},"breadcrumbsFontColor":{"default":{"color":"CT_CSS_SKIP_RULEDEFAULT"},"initial":{"color":"CT_CSS_SKIP_RULEDEFAULT"},"hover":{"color":"CT_CSS_SKIP_RULEDEFAULT"}},"pageTitleOverlay":{"background_type":"color","background_pattern":"type-1","background_image":{"attachment_id":null,"x":0,"y":0},"gradient":"linear-gradient(135deg,rgba(6,147,227,1) 0%,rgb(155,81,224) 100%)","background_repeat":"repeat","background_size":"auto","background_attachment":"scroll","patternColor":{"default":{"color":"#e5e7ea"}},"overlayColor":{"default":{"color":"CT_CSS_SKIP_RULE"}},"backgroundColor":{"default":{"color":"CT_CSS_SKIP_RULE"}}},"pageTitleBackground":{"background_type":"color","background_pattern":"type-1","background_image":{"attachment_id":null,"x":0,"y":0},"gradient":"linear-gradient(135deg,rgba(6,147,227,1) 0%,rgb(155,81,224) 100%)","background_repeat":"repeat","background_size":"auto","background_attachment":"scroll","patternColor":{"default":{"color":"#e5e7ea"}},"overlayColor":{"default":{"color":"CT_CSS_SKIP_RULE"}},"backgroundColor":{"default":{"color":"var(--paletteColor6)"}}},"pageTitlePadding":{"top":"50px","bottom":"50px","left":"auto","right":"auto","linked":true},"9103bedb4e5715c387bfde8d7e5e7a18":"","page_structure_type":"default","b9cc905f0ea5815e087db41718adbc3e":"","content_style_source":"inherit","content_style":"wide","vertical_spacing_source":"custom","content_area_spacing":"none","background":{"background_type":"color","background_pattern":"type-1","background_image":{"attachment_id":null,"x":0,"y":0},"gradient":"linear-gradient(135deg,rgba(6,147,227,1) 0%,rgb(155,81,224) 100%)","background_repeat":"repeat","background_size":"auto","background_attachment":"scroll","patternColor":{"default":{"color":"#e5e7ea"}},"overlayColor":{"default":{"color":"CT_CSS_SKIP_RULE"}},"backgroundColor":{"default":{"color":"CT_CSS_SKIP_RULE"}}},"content_background":{"background_type":"color","background_pattern":"type-1","background_image":{"attachment_id":null,"x":0,"y":0},"gradient":"linear-gradient(135deg,rgba(6,147,227,1) 0%,rgb(155,81,224) 100%)","background_repeat":"repeat","background_size":"auto","background_attachment":"scroll","patternColor":{"default":{"color":"#e5e7ea"}},"overlayColor":{"default":{"color":"CT_CSS_SKIP_RULE"}},"backgroundColor":{"default":{"color":"var(--paletteColor8)"}}},"content_boxed_shadow":{"inherit":false,"blur":18,"spread":-6,"v_offset":12,"h_offset":0,"inset":false,"enable":true,"color":{"color":"rgba(34, 56, 101, 0.04)"}},"boxed_content_spacing":{"desktop":{"top":"40px","bottom":"40px","left":"40px","right":"40px","linked":true},"tablet":{"top":"35px","bottom":"35px","left":"35px","right":"35px","linked":true},"mobile":{"top":"20px","bottom":"20px","left":"20px","right":"20px","linked":true}},"content_boxed_radius":{"top":"3px","bottom":"3px","left":"3px","right":"3px","linked":true},"89628c653bb5c228b1669e0e1d9c4f9d":"","disable_featured_image":"no","disable_share_box":"no","disable_header":"no","disable_footer":"no","styles_descriptor":{"styles":{"desktop":"","tablet":"","mobile":""},"google_fonts":[],"version":5}},"wpmagazine_modules_lite_featured_media_urls":{"thumbnail":"","cvmm-medium":"","cvmm-medium-plus":"","cvmm-portrait":"","cvmm-medium-square":"","cvmm-large":"","cvmm-small":"","full":""},"categories_names":null,"comments_number":"0","_links":{"self":[{"href":"https:\/\/ismmauritiusltd.govmu.org\/ism\/index.php?rest_route=\/wp\/v2\/pages\/2727","targetHints":{"allow":["GET"]}}],"collection":[{"href":"https:\/\/ismmauritiusltd.govmu.org\/ism\/index.php?rest_route=\/wp\/v2\/pages"}],"about":[{"href":"https:\/\/ismmauritiusltd.govmu.org\/ism\/index.php?rest_route=\/wp\/v2\/types\/page"}],"author":[{"embeddable":true,"href":"https:\/\/ismmauritiusltd.govmu.org\/ism\/index.php?rest_route=\/wp\/v2\/users\/1"}],"replies":[{"embeddable":true,"href":"https:\/\/ismmauritiusltd.govmu.org\/ism\/index.php?rest_route=%2Fwp%2Fv2%2Fcomments&post=2727"}],"version-history":[{"count":13,"href":"https:\/\/ismmauritiusltd.govmu.org\/ism\/index.php?rest_route=\/wp\/v2\/pages\/2727\/revisions"}],"predecessor-version":[{"id":2742,"href":"https:\/\/ismmauritiusltd.govmu.org\/ism\/index.php?rest_route=\/wp\/v2\/pages\/2727\/revisions\/2742"}],"wp:attachment":[{"href":"https:\/\/ismmauritiusltd.govmu.org\/ism\/index.php?rest_route=%2Fwp%2Fv2%2Fmedia&parent=2727"}],"curies":[{"name":"wp","href":"https:\/\/api.w.org\/{rel}","templated":true}]}}